{"id":59,"date":"2017-12-03T19:12:03","date_gmt":"2017-12-03T19:12:03","guid":{"rendered":"https:\/\/import.themovation.com\/bellevue2\/hotel\/?page_id=698"},"modified":"2024-08-17T14:55:18","modified_gmt":"2024-08-17T07:55:18","slug":"meeting","status":"publish","type":"page","link":"https:\/\/thaibinhdreamhotel.com\/vi\/meeting\/","title":{"rendered":"meeting"},"content":{"rendered":"<div data-elementor-type=\"wp-post\" data-elementor-id=\"59\" class=\"elementor elementor-59\">\n\t\t\t\t\t\t<section class=\"elementor-section elementor-top-section elementor-element elementor-element-6229ba4 elementor-section-full_width elementor-section-height-min-height elementor-section-height-default elementor-section-items-middle\" data-id=\"6229ba4\" data-element_type=\"section\" data-settings=\"{&quot;background_background&quot;:&quot;classic&quot;}\">\n\t\t\t\t\t\t\t<div class=\"elementor-background-overlay\"><\/div>\n\t\t\t\t\t\t\t<div class=\"elementor-container elementor-column-gap-default\">\n\t\t\t\t\t<div class=\"elementor-column elementor-col-100 elementor-top-column elementor-element elementor-element-1f66876d\" data-id=\"1f66876d\" data-element_type=\"column\">\n\t\t\t<div class=\"elementor-widget-wrap elementor-element-populated\">\n\t\t\t\t\t\t<div class=\"elementor-element elementor-element-68d1557 elementor-widget elementor-widget-spacer\" data-id=\"68d1557\" data-element_type=\"widget\" data-widget_type=\"spacer.default\">\n\t\t\t\t<div class=\"elementor-widget-container\">\n\t\t\t\t\t\t\t<div class=\"elementor-spacer\">\n\t\t\t<div class=\"elementor-spacer-inner\"><\/div>\n\t\t<\/div>\n\t\t\t\t\t\t<\/div>\n\t\t\t\t<\/div>\n\t\t\t\t<div class=\"elementor-element elementor-element-321bcc27 elementor-view-default elementor-position-top elementor-invisible elementor-widget elementor-widget-themo-header\" data-id=\"321bcc27\" data-element_type=\"widget\" data-settings=\"{&quot;_animation&quot;:&quot;fadeIn&quot;}\" data-widget_type=\"themo-header.default\">\n\t\t\t\t<div class=\"elementor-widget-container\">\n\t\t\t\t\t\t\t<div class=\"th-header-wrap\">\n        <div class=\"elementor-icon-box-wrapper\">\n                            <div class=\"elementor-icon-box-content\">\n                    <h1 class=\"elementor-icon-box-title\">\n                        TI\u1ec6C C\u01af\u1edaI &amp; H\u1ed8I NGH\u1eca                    <\/h1>\n                                        <p class=\"elementor-icon-box-description\">V\u1edbi kh\u00f4ng gian sang tr\u1ecdng v\u00e0 c\u00e1c kh\u00f4ng gian ch\u1ee9c n\u0103ng linh ho\u1ea1t, \u0111\u01b0\u1ee3c trang b\u1ecb \u0111\u1ea7y \u0111\u1ee7 ti\u1ec7n nghi \u1edf Th\u00e1i B\u00ecnh, kh\u00e1ch s\u1ea1n Th\u00e1i B\u00ecnh Dream mang \u0111\u1ebfn m\u1ed9t \u0111\u1ecba \u0111i\u1ec3m ho\u00e0n h\u1ea3o cho s\u1ef1 ki\u1ec7n \u0111\u00e1ng nh\u1edb, v\u1edbi kh\u00f4ng gian 600 kh\u00e1ch, l\u00e0 \u0111\u1ecba \u0111i\u1ec3m l\u00fd t\u01b0\u1edfng \u0111\u1ec3 t\u1ed5 ch\u1ee9c c\u00e1c l\u1ec5 k\u1ef7 ni\u1ec7m xa hoa. Ngo\u00e0i ra kh\u00e1ch s\u1ea1n c\u00f2n 7 ph\u00f2ng ph\u1ee5c v\u1ee5 s\u1ef1 ki\u1ec7n l\u1edbn v\u00e0 nh\u1ecf c\u00f9ng \u0111\u1ed9i ng\u0169 t\u1ed5 ch\u1ee9c s\u1ef1 ki\u1ec7n t\u00e0i n\u0103ng v\u00e0 gi\u00e0u kinh nghi\u1ec7m c\u1ee7a ch\u00fang t\u00f4i.<\/p>\n\n                                    <\/div>\n            <\/div>\n\n        <\/div>\n\n\t\t\t\t\t\t<\/div>\n\t\t\t\t<\/div>\n\t\t\t\t\t<\/div>\n\t\t<\/div>\n\t\t\t\t\t<\/div>\n\t\t<\/section>\n\t\t\t\t<section class=\"elementor-section elementor-top-section elementor-element elementor-element-723262c elementor-section-full_width elementor-section-height-default elementor-section-height-default\" data-id=\"723262c\" data-element_type=\"section\">\n\t\t\t\t\t\t<div class=\"elementor-container elementor-column-gap-no\">\n\t\t\t\t\t<div class=\"elementor-column elementor-col-100 elementor-top-column elementor-element elementor-element-2215347\" data-id=\"2215347\" data-element_type=\"column\">\n\t\t\t<div class=\"elementor-widget-wrap elementor-element-populated\">\n\t\t\t\t\t\t<div class=\"elementor-element elementor-element-303ddd1 elementor-widget elementor-widget-spacer\" data-id=\"303ddd1\" data-element_type=\"widget\" data-widget_type=\"spacer.default\">\n\t\t\t\t<div class=\"elementor-widget-container\">\n\t\t\t\t\t\t\t<div class=\"elementor-spacer\">\n\t\t\t<div class=\"elementor-spacer-inner\"><\/div>\n\t\t<\/div>\n\t\t\t\t\t\t<\/div>\n\t\t\t\t<\/div>\n\t\t\t\t<div class=\"elementor-element elementor-element-84fc1da elementor-arrows-position-inside elementor-widget elementor-widget-image-carousel\" data-id=\"84fc1da\" data-element_type=\"widget\" data-settings=\"{&quot;slides_to_show&quot;:&quot;4&quot;,&quot;navigation&quot;:&quot;arrows&quot;,&quot;autoplay&quot;:&quot;yes&quot;,&quot;pause_on_hover&quot;:&quot;yes&quot;,&quot;pause_on_interaction&quot;:&quot;yes&quot;,&quot;autoplay_speed&quot;:5000,&quot;infinite&quot;:&quot;yes&quot;,&quot;speed&quot;:500}\" data-widget_type=\"image-carousel.default\">\n\t\t\t\t<div class=\"elementor-widget-container\">\n\t\t\t\t\t\t\t<div class=\"elementor-image-carousel-wrapper swiper\" role=\"region\" aria-roledescription=\"carousel\" aria-label=\"B\u0103ng chuy\u1ec1n h\u00ecnh \u1ea3nh\" dir=\"ltr\">\n\t\t\t<div class=\"elementor-image-carousel swiper-wrapper swiper-image-stretch\" aria-live=\"off\">\n\t\t\t\t\t\t\t\t<div class=\"swiper-slide\" role=\"group\" aria-roledescription=\"slide\" aria-label=\"1 tr\u00ean 5\"><figure class=\"swiper-slide-inner\"><img decoding=\"async\" class=\"swiper-slide-image\" src=\"https:\/\/thaibinhdreamhotel.com\/wp-content\/uploads\/2024\/08\/398231395_350697290800233_6081879198194177062_n-1-1-605x465.jpg\" alt=\"398231395_350697290800233_6081879198194177062_n (1)\" \/><\/figure><\/div><div class=\"swiper-slide\" role=\"group\" aria-roledescription=\"slide\" aria-label=\"2 tr\u00ean 5\"><figure class=\"swiper-slide-inner\"><img decoding=\"async\" class=\"swiper-slide-image\" src=\"https:\/\/thaibinhdreamhotel.com\/wp-content\/uploads\/2024\/08\/1-4-605x465.jpg\" alt=\"1\" \/><\/figure><\/div><div class=\"swiper-slide\" role=\"group\" aria-roledescription=\"slide\" aria-label=\"3 tr\u00ean 5\"><figure class=\"swiper-slide-inner\"><img decoding=\"async\" class=\"swiper-slide-image\" src=\"https:\/\/thaibinhdreamhotel.com\/wp-content\/uploads\/2024\/08\/429941075_417551454114816_1902631393035392222_n-1-605x465.jpg\" alt=\"429941075_417551454114816_1902631393035392222_n\" \/><\/figure><\/div><div class=\"swiper-slide\" role=\"group\" aria-roledescription=\"slide\" aria-label=\"4 tr\u00ean 5\"><figure class=\"swiper-slide-inner\"><img decoding=\"async\" class=\"swiper-slide-image\" src=\"https:\/\/thaibinhdreamhotel.com\/wp-content\/uploads\/2024\/08\/398231395_350697290800233_6081879198194177062_n-2-605x465.jpg\" alt=\"398231395_350697290800233_6081879198194177062_n\" \/><\/figure><\/div><div class=\"swiper-slide\" role=\"group\" aria-roledescription=\"slide\" aria-label=\"5 tr\u00ean 5\"><figure class=\"swiper-slide-inner\"><img decoding=\"async\" class=\"swiper-slide-image\" src=\"https:\/\/thaibinhdreamhotel.com\/wp-content\/uploads\/2024\/08\/398234557_350697240800238_8645225933047078963_n-1-605x465.jpg\" alt=\"398234557_350697240800238_8645225933047078963_n\" \/><\/figure><\/div>\t\t\t<\/div>\n\t\t\t\t\t\t\t\t\t\t\t\t<div class=\"elementor-swiper-button elementor-swiper-button-prev\" role=\"button\" tabindex=\"0\">\n\t\t\t\t\t\t<i aria-hidden=\"true\" class=\"eicon-chevron-left\"><\/i>\t\t\t\t\t<\/div>\n\t\t\t\t\t<div class=\"elementor-swiper-button elementor-swiper-button-next\" role=\"button\" tabindex=\"0\">\n\t\t\t\t\t\t<i aria-hidden=\"true\" class=\"eicon-chevron-right\"><\/i>\t\t\t\t\t<\/div>\n\t\t\t\t\n\t\t\t\t\t\t\t\t\t<\/div>\n\t\t\t\t\t\t<\/div>\n\t\t\t\t<\/div>\n\t\t\t\t\t<\/div>\n\t\t<\/div>\n\t\t\t\t\t<\/div>\n\t\t<\/section>\n\t\t\t\t<section class=\"elementor-section elementor-top-section elementor-element elementor-element-51204c8d elementor-section-boxed elementor-section-height-default elementor-section-height-default\" data-id=\"51204c8d\" data-element_type=\"section\" data-settings=\"{&quot;background_background&quot;:&quot;classic&quot;}\">\n\t\t\t\t\t\t<div class=\"elementor-container elementor-column-gap-default\">\n\t\t\t\t\t<div class=\"elementor-column elementor-col-100 elementor-top-column elementor-element elementor-element-50ec539c\" data-id=\"50ec539c\" data-element_type=\"column\">\n\t\t\t<div class=\"elementor-widget-wrap elementor-element-populated\">\n\t\t\t\t\t\t<div class=\"elementor-element elementor-element-a74c685 elementor-widget elementor-widget-spacer\" data-id=\"a74c685\" data-element_type=\"widget\" data-widget_type=\"spacer.default\">\n\t\t\t\t<div class=\"elementor-widget-container\">\n\t\t\t\t\t\t\t<div class=\"elementor-spacer\">\n\t\t\t<div class=\"elementor-spacer-inner\"><\/div>\n\t\t<\/div>\n\t\t\t\t\t\t<\/div>\n\t\t\t\t<\/div>\n\t\t\t\t<div class=\"elementor-element elementor-element-63297780 elementor-view-default elementor-position-top elementor-widget elementor-widget-themo-header\" data-id=\"63297780\" data-element_type=\"widget\" data-widget_type=\"themo-header.default\">\n\t\t\t\t<div class=\"elementor-widget-container\">\n\t\t\t\t\t\t\t<div class=\"th-header-wrap\">\n        <div class=\"elementor-icon-box-wrapper\">\n                            <div class=\"elementor-icon-box-content\">\n                    <h2 class=\"elementor-icon-box-title\">\n                        H\u1ed8I NGH\u1eca                    <\/h2>\n                                            <span class=\"th-header-divider\"><\/span>\n                                        <p class=\"elementor-icon-box-description\">T\u1ed5 ch\u1ee9c m\u1ed9t cu\u1ed9c h\u1ecdp \u0111\u00e1ng nh\u1edb t\u1ea1i m\u1ed9t kh\u00e1ch s\u1ea1n mang t\u00ednh b\u01b0\u1edbc ngo\u1eb7t \u2013 Kh\u00e1ch s\u1ea1n Th\u00e1i B\u00ecnh Dream cung c\u1ea5p 7 ph\u00f2ng h\u1ecdp \u0111\u1ea7y \u0111\u1ee7 ti\u1ec7n nghi \u1edf v\u1ecb tr\u00ed trung t\u00e2m, ho\u00e0n h\u1ea3o cho c\u00e1c ho\u1ea1t \u0111\u1ed9ng ngo\u1ea1i giao v\u00e0 c\u00f4ng ty. N\u1eb1m tr\u00ean t\u1ea7ng 2 v\u00e0 t\u1ea7ng 3 c\u00e1c ph\u00f2ng c\u00f3 s\u1ee9c ch\u1ee9a t\u1eeb 30 \u0111\u1ebfn 1000 \u0111\u1ea1i bi\u1ec3u v\u00e0 \u0111\u01b0\u1ee3c trang b\u1ecb c\u00f4ng ngh\u1ec7 h\u1ed9i ngh\u1ecb m\u1edbi nh\u1ea5t.<\/p>\n\n                                    <\/div>\n            <\/div>\n\n        <\/div>\n\n\t\t\t\t\t\t<\/div>\n\t\t\t\t<\/div>\n\t\t\t\t<div class=\"elementor-element elementor-element-40b9772e elementor-widget elementor-widget-spacer\" data-id=\"40b9772e\" data-element_type=\"widget\" data-widget_type=\"spacer.default\">\n\t\t\t\t<div class=\"elementor-widget-container\">\n\t\t\t\t\t\t\t<div class=\"elementor-spacer\">\n\t\t\t<div class=\"elementor-spacer-inner\"><\/div>\n\t\t<\/div>\n\t\t\t\t\t\t<\/div>\n\t\t\t\t<\/div>\n\t\t\t\t\t<\/div>\n\t\t<\/div>\n\t\t\t\t\t<\/div>\n\t\t<\/section>\n\t\t\t\t<section class=\"elementor-section elementor-top-section elementor-element elementor-element-41cfe23b elementor-section-full_width elementor-section-height-default elementor-section-height-default\" data-id=\"41cfe23b\" data-element_type=\"section\">\n\t\t\t\t\t\t<div class=\"elementor-container elementor-column-gap-no\">\n\t\t\t\t\t<div class=\"elementor-column elementor-col-100 elementor-top-column elementor-element elementor-element-dc0e425\" data-id=\"dc0e425\" data-element_type=\"column\">\n\t\t\t<div class=\"elementor-widget-wrap elementor-element-populated\">\n\t\t\t\t\t\t<div class=\"elementor-element elementor-element-2649bbfa elementor-arrows-position-inside elementor-widget elementor-widget-image-carousel\" data-id=\"2649bbfa\" data-element_type=\"widget\" data-settings=\"{&quot;slides_to_show&quot;:&quot;4&quot;,&quot;navigation&quot;:&quot;arrows&quot;,&quot;autoplay&quot;:&quot;yes&quot;,&quot;pause_on_hover&quot;:&quot;yes&quot;,&quot;pause_on_interaction&quot;:&quot;yes&quot;,&quot;autoplay_speed&quot;:5000,&quot;infinite&quot;:&quot;yes&quot;,&quot;speed&quot;:500}\" data-widget_type=\"image-carousel.default\">\n\t\t\t\t<div class=\"elementor-widget-container\">\n\t\t\t\t\t\t\t<div class=\"elementor-image-carousel-wrapper swiper\" role=\"region\" aria-roledescription=\"carousel\" aria-label=\"B\u0103ng chuy\u1ec1n h\u00ecnh \u1ea3nh\" dir=\"ltr\">\n\t\t\t<div class=\"elementor-image-carousel swiper-wrapper swiper-image-stretch\" aria-live=\"off\">\n\t\t\t\t\t\t\t\t<div class=\"swiper-slide\" role=\"group\" aria-roledescription=\"slide\" aria-label=\"1 tr\u00ean 9\"><figure class=\"swiper-slide-inner\"><img decoding=\"async\" class=\"swiper-slide-image\" src=\"https:\/\/thaibinhdreamhotel.com\/wp-content\/uploads\/2024\/08\/LAM00076-605x465.jpg\" alt=\"LAM00076\" \/><\/figure><\/div><div class=\"swiper-slide\" role=\"group\" aria-roledescription=\"slide\" aria-label=\"2 tr\u00ean 9\"><figure class=\"swiper-slide-inner\"><img decoding=\"async\" class=\"swiper-slide-image\" src=\"https:\/\/thaibinhdreamhotel.com\/wp-content\/uploads\/2024\/08\/LAM02858-1-605x465.jpg\" alt=\"LAM02858\" \/><\/figure><\/div><div class=\"swiper-slide\" role=\"group\" aria-roledescription=\"slide\" aria-label=\"3 tr\u00ean 9\"><figure class=\"swiper-slide-inner\"><img decoding=\"async\" class=\"swiper-slide-image\" src=\"https:\/\/thaibinhdreamhotel.com\/wp-content\/uploads\/2024\/08\/LAM00073-605x465.jpg\" alt=\"LAM00073\" \/><\/figure><\/div><div class=\"swiper-slide\" role=\"group\" aria-roledescription=\"slide\" aria-label=\"4 tr\u00ean 9\"><figure class=\"swiper-slide-inner\"><img decoding=\"async\" class=\"swiper-slide-image\" src=\"https:\/\/thaibinhdreamhotel.com\/wp-content\/uploads\/2024\/08\/LAM02841-2-605x465.jpg\" alt=\"LAM02841\" \/><\/figure><\/div><div class=\"swiper-slide\" role=\"group\" aria-roledescription=\"slide\" aria-label=\"5 tr\u00ean 9\"><figure class=\"swiper-slide-inner\"><img decoding=\"async\" class=\"swiper-slide-image\" src=\"https:\/\/thaibinhdreamhotel.com\/wp-content\/uploads\/2024\/08\/LAM02779-605x465.jpg\" alt=\"LAM02779\" \/><\/figure><\/div><div class=\"swiper-slide\" role=\"group\" aria-roledescription=\"slide\" aria-label=\"6 tr\u00ean 9\"><figure class=\"swiper-slide-inner\"><img decoding=\"async\" class=\"swiper-slide-image\" src=\"https:\/\/thaibinhdreamhotel.com\/wp-content\/uploads\/2024\/08\/LAM00090-605x465.jpg\" alt=\"LAM00090\" \/><\/figure><\/div><div class=\"swiper-slide\" role=\"group\" aria-roledescription=\"slide\" aria-label=\"7 tr\u00ean 9\"><figure class=\"swiper-slide-inner\"><img decoding=\"async\" class=\"swiper-slide-image\" src=\"https:\/\/thaibinhdreamhotel.com\/wp-content\/uploads\/2024\/08\/LAM02893-605x465.jpg\" alt=\"LAM02893\" \/><\/figure><\/div><div class=\"swiper-slide\" role=\"group\" aria-roledescription=\"slide\" aria-label=\"8 tr\u00ean 9\"><figure class=\"swiper-slide-inner\"><img decoding=\"async\" class=\"swiper-slide-image\" src=\"https:\/\/thaibinhdreamhotel.com\/wp-content\/uploads\/2024\/08\/LAM00099-605x465.jpg\" alt=\"LAM00099\" \/><\/figure><\/div><div class=\"swiper-slide\" role=\"group\" aria-roledescription=\"slide\" aria-label=\"9 tr\u00ean 9\"><figure class=\"swiper-slide-inner\"><img decoding=\"async\" class=\"swiper-slide-image\" src=\"https:\/\/thaibinhdreamhotel.com\/wp-content\/uploads\/2024\/08\/LAM02831-605x465.jpg\" alt=\"LAM02831\" \/><\/figure><\/div>\t\t\t<\/div>\n\t\t\t\t\t\t\t\t\t\t\t\t<div class=\"elementor-swiper-button elementor-swiper-button-prev\" role=\"button\" tabindex=\"0\">\n\t\t\t\t\t\t<i aria-hidden=\"true\" class=\"eicon-chevron-left\"><\/i>\t\t\t\t\t<\/div>\n\t\t\t\t\t<div class=\"elementor-swiper-button elementor-swiper-button-next\" role=\"button\" tabindex=\"0\">\n\t\t\t\t\t\t<i aria-hidden=\"true\" class=\"eicon-chevron-right\"><\/i>\t\t\t\t\t<\/div>\n\t\t\t\t\n\t\t\t\t\t\t\t\t\t<\/div>\n\t\t\t\t\t\t<\/div>\n\t\t\t\t<\/div>\n\t\t\t\t\t<\/div>\n\t\t<\/div>\n\t\t\t\t\t<\/div>\n\t\t<\/section>\n\t\t\t\t<section class=\"elementor-section elementor-top-section elementor-element elementor-element-c24ba53 elementor-section-boxed elementor-section-height-default elementor-section-height-default\" data-id=\"c24ba53\" data-element_type=\"section\" data-settings=\"{&quot;background_background&quot;:&quot;classic&quot;}\">\n\t\t\t\t\t\t<div class=\"elementor-container elementor-column-gap-default\">\n\t\t\t\t\t<div class=\"elementor-column elementor-col-100 elementor-top-column elementor-element elementor-element-e1e441c\" data-id=\"e1e441c\" data-element_type=\"column\">\n\t\t\t<div class=\"elementor-widget-wrap elementor-element-populated\">\n\t\t\t\t\t\t<div class=\"elementor-element elementor-element-b544772 elementor-widget elementor-widget-spacer\" data-id=\"b544772\" data-element_type=\"widget\" data-widget_type=\"spacer.default\">\n\t\t\t\t<div class=\"elementor-widget-container\">\n\t\t\t\t\t\t\t<div class=\"elementor-spacer\">\n\t\t\t<div class=\"elementor-spacer-inner\"><\/div>\n\t\t<\/div>\n\t\t\t\t\t\t<\/div>\n\t\t\t\t<\/div>\n\t\t\t\t<div class=\"elementor-element elementor-element-11cac68 elementor-view-default elementor-position-top elementor-widget elementor-widget-themo-header\" data-id=\"11cac68\" data-element_type=\"widget\" data-widget_type=\"themo-header.default\">\n\t\t\t\t<div class=\"elementor-widget-container\">\n\t\t\t\t\t\t\t<div class=\"th-header-wrap\">\n        <div class=\"elementor-icon-box-wrapper\">\n                            <div class=\"elementor-icon-box-content\">\n                    <h2 class=\"elementor-icon-box-title\">\n                        TI\u1ec6C C\u01af\u1edaI                    <\/h2>\n                                            <span class=\"th-header-divider\"><\/span>\n                                        <p class=\"elementor-icon-box-description\">T\u1ef1 h\u00e0o v\u1edbi v\u1ecb tr\u00ed \u0111\u1eafc \u0111\u1ecba \u1edf trung t\u00e2m th\u00e0nh ph\u1ed1 Th\u00e1i B\u00ecnh v\u00e0 cung c\u1ea5p nhi\u1ec1u l\u1ef1a ch\u1ecdn v\u1ec1 kh\u00f4ng gian trong nh\u00e0 tuy\u1ec7t \u0111\u1eb9p, kh\u00e1ch s\u1ea1n Th\u00e1i B\u00ecnh Dream l\u00e0 \u0111\u1ecba \u0111i\u1ec3m t\u1ed5 ch\u1ee9c ti\u1ec7c c\u01b0\u1edbi l\u00fd t\u01b0\u1edfng, sang tr\u1ecdng v\u00e0 phong c\u00e1ch, cho m\u1ed9t bu\u1ed5i l\u1ec5 k\u1ef7 ni\u1ec7m xa hoa hay m\u1ed9t bu\u1ed5i h\u1ecdp m\u1eb7t th\u00e2n m\u1eadt c\u00f9ng gia \u0111\u00ecnh v\u00e0 b\u1ea1n b\u00e8.\nB\u00ean c\u1ea1nh vi\u1ec7c cung c\u1ea5p c\u00e1c bu\u1ed1i c\u1ea3nh \u0111\u1eb9p cho ti\u1ec7c c\u01b0\u1edbi,kh\u00e1ch s\u1ea1n \u0111\u1ea3m nh\u1eadn kh\u00e2u ph\u1ee5c v\u1ee5 v\u00e0 trang tr\u00ed,v\u1edbi 1 lo\u1ea1t c\u00e1c ch\u1ee7 \u0111\u1ec1 trang tr\u00ed v\u00e0 c\u00e1c m\u00f3n \u0103m ngon cho b\u1ea1n l\u1ef1a ch\u1ecdn. T\u1ed5 ch\u1ee9c \u0111\u00e1m c\u01b0\u1edbi trong m\u01a1 c\u1ee7a b\u1ea1n v\u1edbi s\u1ef1 tr\u1ee3 gi\u00fap c\u1ee7a \u0111\u1ed9i ng\u0169 t\u1ed5 ch\u1ee9c s\u1ef1 ki\u1ec7n gi\u00e0u kinh nghi\u1ec7m c\u1ee7a ch\u00fang t\u00f4i.<\/p>\n\n                                    <\/div>\n            <\/div>\n\n        <\/div>\n\n\t\t\t\t\t\t<\/div>\n\t\t\t\t<\/div>\n\t\t\t\t<div class=\"elementor-element elementor-element-aa6f5a1 elementor-widget elementor-widget-spacer\" data-id=\"aa6f5a1\" data-element_type=\"widget\" data-widget_type=\"spacer.default\">\n\t\t\t\t<div class=\"elementor-widget-container\">\n\t\t\t\t\t\t\t<div class=\"elementor-spacer\">\n\t\t\t<div class=\"elementor-spacer-inner\"><\/div>\n\t\t<\/div>\n\t\t\t\t\t\t<\/div>\n\t\t\t\t<\/div>\n\t\t\t\t\t<\/div>\n\t\t<\/div>\n\t\t\t\t\t<\/div>\n\t\t<\/section>\n\t\t\t\t<\/div>","protected":false},"excerpt":{"rendered":"<p>WEDDING &amp; MEETING With luxurious space and flexible, fully-equipped function spaces in Thai Binh, Thai Binh Dream Hotel offers the perfect venue for a memorable event, with a space of 600 guests. the ideal venue for lavish celebrations. In addition, &hellip; <a href=\"https:\/\/thaibinhdreamhotel.com\/vi\/meeting\/\">Read More<\/a><\/p>","protected":false},"author":1,"featured_media":0,"parent":0,"menu_order":13,"comment_status":"closed","ping_status":"closed","template":"","meta":{"footnotes":""},"class_list":["post-59","page","type-page","status-publish","hentry"],"_links":{"self":[{"href":"https:\/\/thaibinhdreamhotel.com\/vi\/wp-json\/wp\/v2\/pages\/59","targetHints":{"allow":["GET"]}}],"collection":[{"href":"https:\/\/thaibinhdreamhotel.com\/vi\/wp-json\/wp\/v2\/pages"}],"about":[{"href":"https:\/\/thaibinhdreamhotel.com\/vi\/wp-json\/wp\/v2\/types\/page"}],"author":[{"embeddable":true,"href":"https:\/\/thaibinhdreamhotel.com\/vi\/wp-json\/wp\/v2\/users\/1"}],"replies":[{"embeddable":true,"href":"https:\/\/thaibinhdreamhotel.com\/vi\/wp-json\/wp\/v2\/comments?post=59"}],"version-history":[{"count":25,"href":"https:\/\/thaibinhdreamhotel.com\/vi\/wp-json\/wp\/v2\/pages\/59\/revisions"}],"predecessor-version":[{"id":1414,"href":"https:\/\/thaibinhdreamhotel.com\/vi\/wp-json\/wp\/v2\/pages\/59\/revisions\/1414"}],"wp:attachment":[{"href":"https:\/\/thaibinhdreamhotel.com\/vi\/wp-json\/wp\/v2\/media?parent=59"}],"curies":[{"name":"wp","href":"https:\/\/api.w.org\/{rel}","templated":true}]}}